{"id":538,"date":"2025-02-25T23:00:34","date_gmt":"2025-02-25T23:00:34","guid":{"rendered":"https:\/\/incolpex.com\/?post_type=product&#038;p=538"},"modified":"2025-09-12T22:26:42","modified_gmt":"2025-09-12T22:26:42","slug":"verde-lavado-washed-pr-inza","status":"publish","type":"product","link":"https:\/\/incolpex.com\/index.php\/producto\/verde-lavado-washed-pr-inza\/","title":{"rendered":"Verde Lavado (Washed) Argelia Especial &#8211; Inz\u00e1, Cauca"},"content":{"rendered":"[et_pb_section fb_built=&#8221;1&#8243; _builder_version=&#8221;4.16&#8243; custom_padding=&#8221;0px||||false|false&#8221; global_colors_info=&#8221;{}&#8221;][et_pb_row _builder_version=&#8221;4.16&#8243; background_size=&#8221;initial&#8221; background_position=&#8221;top_left&#8221; background_repeat=&#8221;repeat&#8221; width=&#8221;100%&#8221; custom_padding=&#8221;0px||0px||false|false&#8221; global_colors_info=&#8221;{}&#8221;][et_pb_column type=&#8221;4_4&#8243; _builder_version=&#8221;4.16&#8243; custom_padding=&#8221;|||&#8221; global_colors_info=&#8221;{}&#8221; custom_padding__hover=&#8221;|||&#8221;][et_pb_wc_breadcrumb _builder_version=&#8221;4.16&#8243; global_colors_info=&#8221;{}&#8221;][\/et_pb_wc_breadcrumb][et_pb_wc_cart_notice _builder_version=&#8221;4.27.4&#8243; title_font=&#8221;Times New Roman||||||||&#8221; content_font=&#8221;Raleway||||||||&#8221; background_color=&#8221;#808b75&#8243; custom_button=&#8221;on&#8221; button_text_size=&#8221;14px&#8221; button_text_color=&#8221;#000000&#8243; border_radii=&#8221;on|14px|14px|14px|14px&#8221; global_colors_info=&#8221;{}&#8221;][\/et_pb_wc_cart_notice][\/et_pb_column][\/et_pb_row][et_pb_row column_structure=&#8221;1_2,1_2&#8243; _builder_version=&#8221;4.16&#8243; background_size=&#8221;initial&#8221; background_position=&#8221;top_left&#8221; background_repeat=&#8221;repeat&#8221; width=&#8221;100%&#8221; custom_padding=&#8221;0px||||false|false&#8221; global_colors_info=&#8221;{}&#8221;][et_pb_column type=&#8221;1_2&#8243; _builder_version=&#8221;4.16&#8243; custom_padding=&#8221;|||&#8221; global_colors_info=&#8221;{}&#8221; custom_padding__hover=&#8221;|||&#8221;][et_pb_wc_images _builder_version=&#8221;4.16&#8243; global_colors_info=&#8221;{}&#8221;][\/et_pb_wc_images][\/et_pb_column][et_pb_column type=&#8221;1_2&#8243; _builder_version=&#8221;4.16&#8243; custom_padding=&#8221;|||&#8221; global_colors_info=&#8221;{}&#8221; custom_padding__hover=&#8221;|||&#8221;][et_pb_wc_title _builder_version=&#8221;4.16&#8243; global_colors_info=&#8221;{}&#8221;][\/et_pb_wc_title][et_pb_text _builder_version=&#8221;4.27.4&#8243; _module_preset=&#8221;default&#8221; text_font=&#8221;Raleway||||||||&#8221; global_colors_info=&#8221;{}&#8221;]\n<h1 style=\"text-align: left;\">Inz\u00e1, Cauca, Colombia<\/h1>\n<h2><strong>100% \u00daNICO ORIGEN<\/strong><\/h2>\n<p>Notas a Panela, ligeramente especiado, almendra, ca\u00f1a de az\u00facar, melao, dulce de leche, hierbas arom\u00e1ticas y caramelo de leche.<\/p>\n<p><strong>ACIDEZ:<\/strong> Media como a naranja.<\/p>\n<p><strong>CUERPO:<\/strong> Medio, dulzor a melcocha.<\/p>\n[\/et_pb_text][et_pb_wc_rating _builder_version=&#8221;4.27.4&#8243; rating_text_color=&#8221;#dbb92a&#8221; body_font=&#8221;Raleway||||||||&#8221; body_text_color=&#8221;#dbb92a&#8221; global_colors_info=&#8221;{}&#8221;][\/et_pb_wc_rating][et_pb_wc_price _builder_version=&#8221;4.27.4&#8243; body_font=&#8221;Times New Roman|800|||||||&#8221; body_text_color=&#8221;#808b75&#8243; global_colors_info=&#8221;{}&#8221;][\/et_pb_wc_price][et_pb_wc_description _builder_version=&#8221;4.27.4&#8243; body_font=&#8221;Times New Roman|700|||||||&#8221; body_text_color=&#8221;#000000&#8243; header_font=&#8221;Times New Roman||||||||&#8221; header_text_color=&#8221;#000000&#8243; global_colors_info=&#8221;{}&#8221;][\/et_pb_wc_description][et_pb_wc_add_to_cart _builder_version=&#8221;4.27.4&#8243; fields_background_color=&#8221;#808b75&#8243; fields_text_color=&#8221;#FFFFFF&#8221; dropdown_menus_background_color=&#8221;#dbb92a&#8221; dropdown_menus_text_color=&#8221;#FFFFFF&#8221; dropdown_menus_focus_background_color=&#8221;#dbb92a&#8221; dropdown_menus_focus_text_color=&#8221;#FFFFFF&#8221; dropdown_menus_custom_margin=&#8221;7px|3px|-16px|1px|false|false&#8221; fields_font=&#8221;Times New Roman|700|||||||&#8221; fields_text_align=&#8221;center&#8221; fields_font_size=&#8221;21px&#8221; fields_line_height=&#8221;1.1em&#8221; dropdown_menus_font=&#8221;Times New Roman|700|||||||&#8221; dropdown_menus_font_size=&#8221;22px&#8221; custom_button=&#8221;on&#8221; button_text_color=&#8221;#808b75&#8243; button_font=&#8221;Times New Roman||||||||&#8221; text_orientation=&#8221;center&#8221; border_radii_fields=&#8221;on|10px|10px|10px|10px&#8221; text_shadow_style=&#8221;preset3&#8243; text_shadow_color=&#8221;#000000&#8243; global_colors_info=&#8221;{}&#8221;][\/et_pb_wc_add_to_cart][et_pb_wc_meta _builder_version=&#8221;4.27.4&#8243; body_font=&#8221;Times New Roman|700|||||||&#8221; body_text_color=&#8221;#000000&#8243; global_colors_info=&#8221;{}&#8221;][\/et_pb_wc_meta][\/et_pb_column][\/et_pb_row][et_pb_row _builder_version=&#8221;4.16&#8243; background_size=&#8221;initial&#8221; background_position=&#8221;top_left&#8221; background_repeat=&#8221;repeat&#8221; width=&#8221;100%&#8221; global_colors_info=&#8221;{}&#8221;][et_pb_column type=&#8221;4_4&#8243; _builder_version=&#8221;4.16&#8243; custom_padding=&#8221;|||&#8221; global_colors_info=&#8221;{}&#8221; custom_padding__hover=&#8221;|||&#8221;][et_pb_wc_tabs _builder_version=&#8221;4.16&#8243; global_colors_info=&#8221;{}&#8221;]\t\t\t\t\t[\/et_pb_wc_tabs][et_pb_wc_upsells _builder_version=&#8221;4.16&#8243; global_colors_info=&#8221;{}&#8221;][\/et_pb_wc_upsells][et_pb_wc_related_products _builder_version=&#8221;4.16&#8243; global_colors_info=&#8221;{}&#8221;][\/et_pb_wc_related_products][\/et_pb_column][\/et_pb_row][\/et_pb_section]\n","protected":false},"excerpt":{"rendered":"<p>Inz\u00e1, Cauca, Colombia 100% \u00daNICO ORIGEN Notas a Panela, ligeramente especiado, almendra, ca\u00f1a de az\u00facar, melao, dulce de leche, hierbas arom\u00e1ticas y caramelo de leche. ACIDEZ: Media como a naranja. CUERPO: Medio, dulzor a melcocha.<\/p>\n","protected":false},"featured_media":336,"comment_status":"open","ping_status":"closed","template":"","meta":{"_et_pb_use_builder":"on","_et_pb_old_content":"","_et_gb_content_width":""},"product_brand":[],"product_cat":[27],"product_tag":[],"class_list":{"0":"post-538","1":"product","2":"type-product","3":"status-publish","4":"has-post-thumbnail","6":"product_cat-a-granel","8":"first","9":"instock","10":"taxable","11":"shipping-taxable","12":"purchasable","13":"product-type-variable"},"_links":{"self":[{"href":"https:\/\/incolpex.com\/index.php\/wp-json\/wp\/v2\/product\/538","targetHints":{"allow":["GET"]}}],"collection":[{"href":"https:\/\/incolpex.com\/index.php\/wp-json\/wp\/v2\/product"}],"about":[{"href":"https:\/\/incolpex.com\/index.php\/wp-json\/wp\/v2\/types\/product"}],"replies":[{"embeddable":true,"href":"https:\/\/incolpex.com\/index.php\/wp-json\/wp\/v2\/comments?post=538"}],"wp:featuredmedia":[{"embeddable":true,"href":"https:\/\/incolpex.com\/index.php\/wp-json\/wp\/v2\/media\/336"}],"wp:attachment":[{"href":"https:\/\/incolpex.com\/index.php\/wp-json\/wp\/v2\/media?parent=538"}],"wp:term":[{"taxonomy":"product_brand","embeddable":true,"href":"https:\/\/incolpex.com\/index.php\/wp-json\/wp\/v2\/product_brand?post=538"},{"taxonomy":"product_cat","embeddable":true,"href":"https:\/\/incolpex.com\/index.php\/wp-json\/wp\/v2\/product_cat?post=538"},{"taxonomy":"product_tag","embeddable":true,"href":"https:\/\/incolpex.com\/index.php\/wp-json\/wp\/v2\/product_tag?post=538"}],"curies":[{"name":"wp","href":"https:\/\/api.w.org\/{rel}","templated":true}]}}